{"id":90,"date":"2025-03-04T22:31:49","date_gmt":"2025-03-04T21:31:49","guid":{"rendered":"https:\/\/sigmatics.fr\/?page_id=90"},"modified":"2025-09-13T10:55:55","modified_gmt":"2025-09-13T08:55:55","slug":"politique-de-gestion-des-cookies","status":"publish","type":"page","link":"https:\/\/sigmatics.fr\/index.php\/politique-de-gestion-des-cookies\/","title":{"rendered":"Politique de gestion des cookies"},"content":{"rendered":"\n<p>Le site <strong>SIGMATICS<\/strong> est un <strong>site vitrine simple<\/strong>. Il a pour seul objectif de pr\u00e9senter les prestations propos\u00e9es, de mani\u00e8re claire et accessible.<\/p>\n\n\n\n<h3 class=\"wp-block-heading\">Absence de cookies de suivi<\/h3>\n\n\n\n<p>Contrairement \u00e0 de nombreux sites, <strong>aucun cookie de suivi, d\u2019analyse statistique ou de publicit\u00e9 n\u2019est utilis\u00e9<\/strong> ici. Seuls peuvent \u00eatre pr\u00e9sents des cookies techniques strictement n\u00e9cessaires au fonctionnement de WordPress (par exemple, pour la s\u00e9curit\u00e9 et l\u2019affichage du site). Ces cookies sont anonymes, ne collectent aucune donn\u00e9e personnelle et ne n\u00e9cessitent pas de consentement pr\u00e9alable conform\u00e9ment \u00e0 la r\u00e9glementation (CNIL \/ RGPD).<\/p>\n\n\n\n<h3 class=\"wp-block-heading\">Pas de collecte de donn\u00e9es personnelles<\/h3>\n\n\n\n<p>Ce site <strong>ne propose pas de module de connexion<\/strong> ni de zone membre.<\/p>\n\n\n\n<p>Il <strong>n\u2019h\u00e9berge aucune boutique en ligne<\/strong> : pas de ventes, pas de paiement en ligne.<\/p>\n\n\n\n<p>Il <strong>ne diffuse pas de newsletter<\/strong> et ne propose pas d\u2019inscription de quelque nature que ce soit.<\/p>\n\n\n\n<p>En r\u00e9sum\u00e9 : <strong>il n\u2019y a aucun formulaire intrusif ni aucune base de donn\u00e9es de visiteurs.<\/strong><\/p>\n\n\n\n<h3 class=\"wp-block-heading\">Confidentialit\u00e9 des \u00e9changes<\/h3>\n\n\n\n<p>Compte tenu de la nature sensible et parfois confidentielle des sujets trait\u00e9s, <strong>les \u00e9changes ne doivent pas transiter par le site internet<\/strong>.<br>Pour toute prise de contact ou demande sp\u00e9cifique, il est recommand\u00e9 d\u2019utiliser des canaux classiques et s\u00e9curis\u00e9s tels que :<\/p>\n\n\n\n<ul class=\"wp-block-list\">\n<li>l\u2019<strong>e-mail professionnel<\/strong>,<\/li>\n\n\n\n<li>le <strong>t\u00e9l\u00e9phone<\/strong>,<\/li>\n\n\n\n<li>ou tout autre moyen convenu en amont.<\/li>\n<\/ul>\n\n\n\n<p>Cette pr\u00e9caution est \u00e9galement motiv\u00e9e par la mont\u00e9e en puissance des cyberattaques : il est pr\u00e9f\u00e9rable que les informations \u00e9chang\u00e9es ne passent pas par une simple interface web.<\/p>\n\n\n\n<h3 class=\"wp-block-heading\">Un site vitrine, et rien de plus<\/h3>\n\n\n\n<p>Ce site doit \u00eatre vu comme un <strong>panneau d\u2019information minimaliste<\/strong>, un support de pr\u00e9sentation. Les interactions r\u00e9elles, les \u00e9changes de documents et la gestion des projets se font par d\u2019autres canaux, <strong>beaucoup plus adapt\u00e9s et s\u00e9curis\u00e9s<\/strong> que ce site vitrine.<\/p>\n","protected":false},"excerpt":{"rendered":"<p>Le site SIGMATICS est un site vitrine simple. Il a pour seul objectif de pr\u00e9senter les prestations propos\u00e9es, de mani\u00e8re claire et accessible. Absence de cookies de suivi Contrairement \u00e0 de nombreux sites, aucun cookie de suivi, d\u2019analyse statistique ou de publicit\u00e9 n\u2019est utilis\u00e9 ici. Seuls peuvent \u00eatre pr\u00e9sents des cookies techniques strictement n\u00e9cessaires au [&hellip;]<\/p>\n","protected":false},"author":1,"featured_media":0,"parent":0,"menu_order":0,"comment_status":"closed","ping_status":"closed","template":"","meta":{"footnotes":""},"class_list":["post-90","page","type-page","status-publish","hentry"],"_links":{"self":[{"href":"https:\/\/sigmatics.fr\/index.php\/wp-json\/wp\/v2\/pages\/90","targetHints":{"allow":["GET"]}}],"collection":[{"href":"https:\/\/sigmatics.fr\/index.php\/wp-json\/wp\/v2\/pages"}],"about":[{"href":"https:\/\/sigmatics.fr\/index.php\/wp-json\/wp\/v2\/types\/page"}],"author":[{"embeddable":true,"href":"https:\/\/sigmatics.fr\/index.php\/wp-json\/wp\/v2\/users\/1"}],"replies":[{"embeddable":true,"href":"https:\/\/sigmatics.fr\/index.php\/wp-json\/wp\/v2\/comments?post=90"}],"version-history":[{"count":4,"href":"https:\/\/sigmatics.fr\/index.php\/wp-json\/wp\/v2\/pages\/90\/revisions"}],"predecessor-version":[{"id":108,"href":"https:\/\/sigmatics.fr\/index.php\/wp-json\/wp\/v2\/pages\/90\/revisions\/108"}],"wp:attachment":[{"href":"https:\/\/sigmatics.fr\/index.php\/wp-json\/wp\/v2\/media?parent=90"}],"curies":[{"name":"wp","href":"https:\/\/api.w.org\/{rel}","templated":true}]}}