{"id":37,"date":"2025-01-03T17:52:37","date_gmt":"2025-01-03T16:52:37","guid":{"rendered":"https:\/\/sigmatics.fr\/?page_id=37"},"modified":"2025-09-13T11:36:09","modified_gmt":"2025-09-13T09:36:09","slug":"mentions-legales","status":"publish","type":"page","link":"https:\/\/sigmatics.fr\/index.php\/mentions-legales\/","title":{"rendered":"Mentions l\u00e9gales"},"content":{"rendered":"\n<p>Conform\u00e9ment aux dispositions de la loi n\u00b0 2004-575 du 21 juin 2004 pour la confiance en l&rsquo;\u00e9conomie num\u00e9rique, il est pr\u00e9cis\u00e9 aux utilisateurs du site Sigmatics l&rsquo;identit\u00e9 des diff\u00e9rents intervenants dans le cadre de sa r\u00e9alisation et de son suivi.<\/p>\n\n\n\n<p>Conform\u00e9ment \u00e0 la loi n\u00b0 2004-575 du 21 juin 2004 pour la confiance en l\u2019\u00e9conomie num\u00e9rique, il est pr\u00e9cis\u00e9 aux utilisateurs du site <strong>Sigmatics<\/strong> (<a href=\"https:\/\/www.sigmatics.fr\">https:\/\/www.sigmatics.fr<\/a>) l\u2019identit\u00e9 des diff\u00e9rents intervenants dans le cadre de sa r\u00e9alisation et de son suivi.<\/p>\n\n\n\n<h2 class=\"wp-block-heading\">Identit\u00e9 de l&rsquo;\u00e9diteur<\/h2>\n\n\n\n<p>Le pr\u00e9sent site est \u00e9dit\u00e9 par <strong>S\u00e9bastien M\u00c9LER \u2013 Entrepreneur Individuel<\/strong>, exer\u00e7ant sous le nom commercial <strong>SIGMATICS<\/strong>.<\/p>\n\n\n\n<ul class=\"wp-block-list\">\n<li>Adresse : 229 rue Saint-Honor\u00e9 \u2013 75001 PARIS<\/li>\n\n\n\n<li>SIRET : 807 945 191 000 37<\/li>\n\n\n\n<li>Code APE : 2899B (Fabrication d\u2019autres machines sp\u00e9cialis\u00e9es)<\/li>\n\n\n\n<li>T\u00e9l\u00e9phone : +33 6 23 99 05 50<\/li>\n\n\n\n<li>E-mail : <a>contact@sigmatics.fr<\/a><\/li>\n<\/ul>\n\n\n\n<p>Le site a pour unique vocation d\u2019\u00eatre une <strong>vitrine de pr\u00e9sentation des prestations<\/strong> propos\u00e9es.<\/p>\n\n\n\n<h2 class=\"wp-block-heading\"><strong>H\u00e9bergement<\/strong><\/h2>\n\n\n\n<p>Le site est h\u00e9berg\u00e9 par <strong>OVH SAS<\/strong>,<br>2 rue Kellermann \u2013 BP 80157 \u2013 59053 Roubaix Cedex 1<br>T\u00e9l\u00e9phone : 1007<\/p>\n\n\n\n<h2 class=\"wp-block-heading\"><strong>Publication<\/strong><\/h2>\n\n\n\n<p>Le responsable de publication est <strong>S\u00e9bastien M\u00c9LER<\/strong>, fondateur de SIGMATICS.<\/p>\n\n\n\n<h2 class=\"wp-block-heading\"><strong>Donn\u00e9es personnelles<\/strong><\/h2>\n\n\n\n<p>Le site n\u2019a pas vocation \u00e0 collecter de donn\u00e9es personnelles, \u00e0 l\u2019exception des informations transmises volontairement via le formulaire de contact.<br>Pour plus de d\u00e9tails, consultez la <a href=\"https:\/\/sigmatics.fr\/index.php\/politique-de-confidentialite\/\" data-type=\"page\" data-id=\"3\">politique de confidentialit\u00e9<\/a>.<\/p>\n\n\n\n<p><\/p>\n\n\n\n<p><\/p>\n","protected":false},"excerpt":{"rendered":"<p>Conform\u00e9ment aux dispositions de la loi n\u00b0 2004-575 du 21 juin 2004 pour la confiance en l&rsquo;\u00e9conomie num\u00e9rique, il est pr\u00e9cis\u00e9 aux utilisateurs du site Sigmatics l&rsquo;identit\u00e9 des diff\u00e9rents intervenants dans le cadre de sa r\u00e9alisation et de son suivi. Conform\u00e9ment \u00e0 la loi n\u00b0 2004-575 du 21 juin 2004 pour la confiance en l\u2019\u00e9conomie [&hellip;]<\/p>\n","protected":false},"author":1,"featured_media":0,"parent":0,"menu_order":0,"comment_status":"closed","ping_status":"closed","template":"","meta":{"footnotes":""},"class_list":["post-37","page","type-page","status-publish","hentry"],"_links":{"self":[{"href":"https:\/\/sigmatics.fr\/index.php\/wp-json\/wp\/v2\/pages\/37","targetHints":{"allow":["GET"]}}],"collection":[{"href":"https:\/\/sigmatics.fr\/index.php\/wp-json\/wp\/v2\/pages"}],"about":[{"href":"https:\/\/sigmatics.fr\/index.php\/wp-json\/wp\/v2\/types\/page"}],"author":[{"embeddable":true,"href":"https:\/\/sigmatics.fr\/index.php\/wp-json\/wp\/v2\/users\/1"}],"replies":[{"embeddable":true,"href":"https:\/\/sigmatics.fr\/index.php\/wp-json\/wp\/v2\/comments?post=37"}],"version-history":[{"count":7,"href":"https:\/\/sigmatics.fr\/index.php\/wp-json\/wp\/v2\/pages\/37\/revisions"}],"predecessor-version":[{"id":112,"href":"https:\/\/sigmatics.fr\/index.php\/wp-json\/wp\/v2\/pages\/37\/revisions\/112"}],"wp:attachment":[{"href":"https:\/\/sigmatics.fr\/index.php\/wp-json\/wp\/v2\/media?parent=37"}],"curies":[{"name":"wp","href":"https:\/\/api.w.org\/{rel}","templated":true}]}}