{"id":2,"date":"2024-09-22T01:05:45","date_gmt":"2024-09-21T23:05:45","guid":{"rendered":"http:\/\/sigmatics.fr\/?page_id=2"},"modified":"2025-09-13T12:05:33","modified_gmt":"2025-09-13T10:05:33","slug":"a-propos","status":"publish","type":"page","link":"https:\/\/sigmatics.fr\/index.php\/a-propos\/","title":{"rendered":"A propos"},"content":{"rendered":"\n<figure class=\"wp-block-image aligncenter size-full is-resized wp-duotone-grayscale\"><img loading=\"lazy\" decoding=\"async\" width=\"959\" height=\"960\" src=\"https:\/\/sigmatics.fr\/wp-content\/uploads\/2025\/01\/Photo-profil.jpg\" alt=\"\" class=\"wp-image-43\" style=\"aspect-ratio:3\/4;object-fit:cover;width:200px\" srcset=\"https:\/\/sigmatics.fr\/wp-content\/uploads\/2025\/01\/Photo-profil.jpg 959w, https:\/\/sigmatics.fr\/wp-content\/uploads\/2025\/01\/Photo-profil-300x300.jpg 300w, https:\/\/sigmatics.fr\/wp-content\/uploads\/2025\/01\/Photo-profil-150x150.jpg 150w, https:\/\/sigmatics.fr\/wp-content\/uploads\/2025\/01\/Photo-profil-768x769.jpg 768w\" sizes=\"auto, (max-width: 959px) 100vw, 959px\" \/><\/figure>\n\n\n\n<p>Avec plus de 14 ans d\u2019exp\u00e9rience dans la d\u00e9fense, j\u2019ai eu l\u2019opportunit\u00e9 d\u2019\u00e9voluer \u00e0 travers toutes les dimensions du m\u00e9tier : de l\u2019ing\u00e9nierie au pilotage de projets, jusqu\u2019\u00e0 l\u2019architecture de syst\u00e8mes complexes. Mon profil conjugue ainsi une expertise <strong>technique approfondie<\/strong> et une <strong>vision strat\u00e9gique globale<\/strong>.<br>Je m\u2019investis particuli\u00e8rement dans les technologies a\u00e9roterrestres, en lien avec la mobilit\u00e9 outdoor, les communications, les r\u00e9seaux de bord, tout en gardant une perspective orient\u00e9e vers la mise \u00e0 l\u2019\u00e9chelle et l\u2019impact op\u00e9rationnel.<\/p>\n\n\n\n<p>Nous vivons une p\u00e9riode de <strong>changement num\u00e9rique et op\u00e9rationnel<\/strong> : l\u2019IA bouscule nos rep\u00e8res, mais elle ne doit rester qu\u2019un outil, mani\u00e9 avec justesse. J\u2019inscris mon action dans une compl\u00e9mentarit\u00e9 entre <strong>num\u00e9rique et mobilit\u00e9<\/strong>, convaincu que l\u2019un ne peut avancer sans l\u2019autre.<\/p>\n\n\n\n<p>Mon esprit d\u2019\u00ab essayeur terrain \u00bb me pousse \u00e0 privil\u00e9gier le <strong>pragmatique, rapide et accessible<\/strong>, plut\u00f4t que des innovations co\u00fbteuses et confin\u00e9es \u00e0 la recherche. La guerre en Ukraine l\u2019illustre : faire vite et pas cher transforme les dogmes op\u00e9rationnels.<\/p>\n\n\n\n<p>Travailler avec moi, c\u2019est miser sur une approche <strong>dual-use<\/strong> : une innovation pens\u00e9e pour la d\u00e9fense peut tout autant servir des applications civiles, et inversement.<\/p>\n\n\n\n<p>Pour un aper\u00e7u d\u00e9taill\u00e9 de mon parcours, je vous invite \u00e0 consulter mon profil LinkedIn (m\u00eame si tout n\u2019y figure pas en raison de la confidentialit\u00e9), et je reste disponible pour \u00e9changer de vive voix afin d\u2019entrer dans le concret.<\/p>\n","protected":false},"excerpt":{"rendered":"<p>Avec plus de 14 ans d\u2019exp\u00e9rience dans la d\u00e9fense, j\u2019ai eu l\u2019opportunit\u00e9 d\u2019\u00e9voluer \u00e0 travers toutes les dimensions du m\u00e9tier : de l\u2019ing\u00e9nierie au pilotage de projets, jusqu\u2019\u00e0 l\u2019architecture de syst\u00e8mes complexes. Mon profil conjugue ainsi une expertise technique approfondie et une vision strat\u00e9gique globale.Je m\u2019investis particuli\u00e8rement dans les technologies a\u00e9roterrestres, en lien avec la [&hellip;]<\/p>\n","protected":false},"author":1,"featured_media":0,"parent":0,"menu_order":0,"comment_status":"closed","ping_status":"open","template":"","meta":{"footnotes":""},"class_list":["post-2","page","type-page","status-publish","hentry"],"_links":{"self":[{"href":"https:\/\/sigmatics.fr\/index.php\/wp-json\/wp\/v2\/pages\/2","targetHints":{"allow":["GET"]}}],"collection":[{"href":"https:\/\/sigmatics.fr\/index.php\/wp-json\/wp\/v2\/pages"}],"about":[{"href":"https:\/\/sigmatics.fr\/index.php\/wp-json\/wp\/v2\/types\/page"}],"author":[{"embeddable":true,"href":"https:\/\/sigmatics.fr\/index.php\/wp-json\/wp\/v2\/users\/1"}],"replies":[{"embeddable":true,"href":"https:\/\/sigmatics.fr\/index.php\/wp-json\/wp\/v2\/comments?post=2"}],"version-history":[{"count":6,"href":"https:\/\/sigmatics.fr\/index.php\/wp-json\/wp\/v2\/pages\/2\/revisions"}],"predecessor-version":[{"id":114,"href":"https:\/\/sigmatics.fr\/index.php\/wp-json\/wp\/v2\/pages\/2\/revisions\/114"}],"wp:attachment":[{"href":"https:\/\/sigmatics.fr\/index.php\/wp-json\/wp\/v2\/media?parent=2"}],"curies":[{"name":"wp","href":"https:\/\/api.w.org\/{rel}","templated":true}]}}