{"id":119,"date":"2025-09-13T13:14:25","date_gmt":"2025-09-13T11:14:25","guid":{"rendered":"https:\/\/sigmatics.fr\/?page_id=119"},"modified":"2025-09-13T13:14:25","modified_gmt":"2025-09-13T11:14:25","slug":"projet-musaraigne","status":"publish","type":"page","link":"https:\/\/sigmatics.fr\/index.php\/projet-musaraigne\/","title":{"rendered":"Projet Musaraigne"},"content":{"rendered":"\n<p class=\"has-text-align-center\"><em>Mini UGV de soutien a\u00e9rolargable pour l\u2019infiltration g\u00e9otactique et l\u2019engagement<\/em><\/p>\n\n\n\n<figure class=\"wp-block-image aligncenter size-large is-resized\"><img loading=\"lazy\" decoding=\"async\" width=\"955\" height=\"1024\" src=\"https:\/\/sigmatics.fr\/wp-content\/uploads\/2025\/09\/ECUSSON-Musaraigne-955x1024.png\" alt=\"\" class=\"wp-image-120\" style=\"width:312px;height:auto\" srcset=\"https:\/\/sigmatics.fr\/wp-content\/uploads\/2025\/09\/ECUSSON-Musaraigne-955x1024.png 955w, https:\/\/sigmatics.fr\/wp-content\/uploads\/2025\/09\/ECUSSON-Musaraigne-280x300.png 280w, https:\/\/sigmatics.fr\/wp-content\/uploads\/2025\/09\/ECUSSON-Musaraigne-768x824.png 768w, https:\/\/sigmatics.fr\/wp-content\/uploads\/2025\/09\/ECUSSON-Musaraigne-1432x1536.png 1432w, https:\/\/sigmatics.fr\/wp-content\/uploads\/2025\/09\/ECUSSON-Musaraigne-1910x2048.png 1910w\" sizes=\"auto, (max-width: 955px) 100vw, 955px\" \/><\/figure>\n\n\n\n<p>Le projet <strong>MUSARAIGNE<\/strong> consiste \u00e0 d\u00e9velopper un syst\u00e8me robotis\u00e9 con\u00e7u pour l\u2019<strong>infiltration, la reconnaissance<\/strong> et, plus largement, pour l\u2019<strong>inspection de zones difficiles d\u2019acc\u00e8s<\/strong> pour l\u2019homme. Bas\u00e9 sur un <strong>ch\u00e2ssis buggy radiocommand\u00e9 grand format<\/strong>, il b\u00e9n\u00e9ficie de remarquables capacit\u00e9s de franchissement, ouvrant la voie \u00e0 des applications aussi bien en environnement op\u00e9rationnel que civil.<\/p>\n\n\n\n<p>L\u2019un de ses points forts r\u00e9side dans son <strong>immunit\u00e9 aux perturbations \u00e9lectromagn\u00e9tiques<\/strong> gr\u00e2ce \u00e0 un <strong>lien de commande et de retour par fibre optique l\u00e9ger<\/strong>, garantissant fiabilit\u00e9 et discr\u00e9tion en conditions d\u00e9grad\u00e9es.<\/p>\n\n\n\n<p>La <strong>version prototype<\/strong> a d\u00e9j\u00e0 fait ses preuves sur le terrain : pour acc\u00e9der au retour d\u2019exp\u00e9rience complet, je vous invite \u00e0 me contacter. Le projet \u00e9volue d\u00e9sormais vers une <strong>version professionnelle<\/strong>, \u00e9quip\u00e9e d\u2019une <strong>station de pilotage au format \u201cChest\u201d<\/strong>, compacte et ergonomique, pens\u00e9e pour r\u00e9duire l\u2019encombrement de l\u2019utilisateur.<\/p>\n\n\n\n<p>Dans la continuit\u00e9 de mes valeurs de pragmatisme et d\u2019accessibilit\u00e9, la <strong>MUSARAIGNE<\/strong> vise un co\u00fbt unitaire ma\u00eetris\u00e9, <strong>inf\u00e9rieur \u00e0 5000 \u20ac HT<\/strong>, afin de rendre cette solution technologique accessible et adaptable \u00e0 diff\u00e9rents besoins.<\/p>\n\n\n\n<p>Enfin, au-del\u00e0 de ses usages \u00e9vidents, <strong>d\u2019autres finalit\u00e9s sont possibles<\/strong>, et je suis ouvert \u00e0 en discuter selon les contextes d\u2019emploi envisag\u00e9s.<\/p>\n\n\n\n<figure class=\"wp-block-image aligncenter size-full is-resized is-style-rounded wp-container-content-69bc4bdf\"><img loading=\"lazy\" decoding=\"async\" width=\"315\" height=\"315\" src=\"https:\/\/sigmatics.fr\/wp-content\/uploads\/2025\/09\/1-ROGB-YE-RTR-7.jpg\" alt=\"\" class=\"wp-image-124\" style=\"width:351px;height:auto\" srcset=\"https:\/\/sigmatics.fr\/wp-content\/uploads\/2025\/09\/1-ROGB-YE-RTR-7.jpg 315w, https:\/\/sigmatics.fr\/wp-content\/uploads\/2025\/09\/1-ROGB-YE-RTR-7-300x300.jpg 300w, https:\/\/sigmatics.fr\/wp-content\/uploads\/2025\/09\/1-ROGB-YE-RTR-7-150x150.jpg 150w\" sizes=\"auto, (max-width: 315px) 100vw, 315px\" \/><\/figure>\n\n\n\n<figure class=\"wp-block-image aligncenter size-full is-resized is-style-default wp-container-content-69bc4bdf\"><img loading=\"lazy\" decoding=\"async\" width=\"588\" height=\"449\" src=\"https:\/\/sigmatics.fr\/wp-content\/uploads\/2025\/09\/Image1.png\" alt=\"\" class=\"wp-image-123\" style=\"width:386px;height:auto\" srcset=\"https:\/\/sigmatics.fr\/wp-content\/uploads\/2025\/09\/Image1.png 588w, https:\/\/sigmatics.fr\/wp-content\/uploads\/2025\/09\/Image1-300x229.png 300w\" sizes=\"auto, (max-width: 588px) 100vw, 588px\" \/><\/figure>\n\n\n\n<figure class=\"wp-block-image aligncenter size-large\"><img loading=\"lazy\" decoding=\"async\" width=\"1024\" height=\"447\" src=\"https:\/\/sigmatics.fr\/wp-content\/uploads\/2025\/09\/Capture-decran-2025-09-13-131100-1024x447.png\" alt=\"\" class=\"wp-image-125\" srcset=\"https:\/\/sigmatics.fr\/wp-content\/uploads\/2025\/09\/Capture-decran-2025-09-13-131100-1024x447.png 1024w, https:\/\/sigmatics.fr\/wp-content\/uploads\/2025\/09\/Capture-decran-2025-09-13-131100-300x131.png 300w, https:\/\/sigmatics.fr\/wp-content\/uploads\/2025\/09\/Capture-decran-2025-09-13-131100-768x335.png 768w, https:\/\/sigmatics.fr\/wp-content\/uploads\/2025\/09\/Capture-decran-2025-09-13-131100.png 1392w\" sizes=\"auto, (max-width: 1024px) 100vw, 1024px\" \/><\/figure>\n","protected":false},"excerpt":{"rendered":"<p>Mini UGV de soutien a\u00e9rolargable pour l\u2019infiltration g\u00e9otactique et l\u2019engagement Le projet MUSARAIGNE consiste \u00e0 d\u00e9velopper un syst\u00e8me robotis\u00e9 con\u00e7u pour l\u2019infiltration, la reconnaissance et, plus largement, pour l\u2019inspection de zones difficiles d\u2019acc\u00e8s pour l\u2019homme. Bas\u00e9 sur un ch\u00e2ssis buggy radiocommand\u00e9 grand format, il b\u00e9n\u00e9ficie de remarquables capacit\u00e9s de franchissement, ouvrant la voie \u00e0 des [&hellip;]<\/p>\n","protected":false},"author":1,"featured_media":0,"parent":0,"menu_order":0,"comment_status":"closed","ping_status":"closed","template":"","meta":{"footnotes":""},"class_list":["post-119","page","type-page","status-publish","hentry"],"_links":{"self":[{"href":"https:\/\/sigmatics.fr\/index.php\/wp-json\/wp\/v2\/pages\/119","targetHints":{"allow":["GET"]}}],"collection":[{"href":"https:\/\/sigmatics.fr\/index.php\/wp-json\/wp\/v2\/pages"}],"about":[{"href":"https:\/\/sigmatics.fr\/index.php\/wp-json\/wp\/v2\/types\/page"}],"author":[{"embeddable":true,"href":"https:\/\/sigmatics.fr\/index.php\/wp-json\/wp\/v2\/users\/1"}],"replies":[{"embeddable":true,"href":"https:\/\/sigmatics.fr\/index.php\/wp-json\/wp\/v2\/comments?post=119"}],"version-history":[{"count":3,"href":"https:\/\/sigmatics.fr\/index.php\/wp-json\/wp\/v2\/pages\/119\/revisions"}],"predecessor-version":[{"id":126,"href":"https:\/\/sigmatics.fr\/index.php\/wp-json\/wp\/v2\/pages\/119\/revisions\/126"}],"wp:attachment":[{"href":"https:\/\/sigmatics.fr\/index.php\/wp-json\/wp\/v2\/media?parent=119"}],"curies":[{"name":"wp","href":"https:\/\/api.w.org\/{rel}","templated":true}]}}