{"id":115,"date":"2025-09-13T16:10:32","date_gmt":"2025-09-13T14:10:32","guid":{"rendered":"https:\/\/sigmatics.fr\/?page_id=115"},"modified":"2025-09-13T16:10:32","modified_gmt":"2025-09-13T14:10:32","slug":"prestations","status":"publish","type":"page","link":"https:\/\/sigmatics.fr\/index.php\/prestations\/","title":{"rendered":"Prestations"},"content":{"rendered":"\n<h3 class=\"wp-block-heading\">\ud83d\ude80 Strat\u00e9gie technologique et feuille de route<\/h3>\n\n\n\n<p>J\u2019accompagne les entreprises dans la d\u00e9finition et la mise en \u0153uvre de leur <strong>strat\u00e9gie technologique<\/strong>, en participant \u00e0 l&rsquo;\u00e9laboration d&rsquo;une feuille de route r\u00e9aliste et align\u00e9e avec leur ADN et leurs ambitions.<\/p>\n\n\n\n<h3 class=\"wp-block-heading\">\ud83c\udfdb\ufe0f Conseil aupr\u00e8s de la direction<\/h3>\n\n\n\n<p>Je collabore avec la direction pour <strong>diff\u00e9rencier ing\u00e9nierie et management de projet<\/strong>, et int\u00e9grer ces dimensions dans la gouvernance<strong> de l\u2019entreprise<\/strong>, garantissant clart\u00e9 et efficacit\u00e9 des processus internes.<\/p>\n\n\n\n<h3 class=\"wp-block-heading\">\ud83d\udd2c Innovation et partenariats R&amp;T<\/h3>\n\n\n\n<p>Je propose un accompagnement pour identifier les <strong>opportunit\u00e9s d\u2019innovation<\/strong> en lien avec le monde de la recherche, en facilitant la mise en relation avec <strong>laboratoires, institutions et acteurs publics<\/strong>.<\/p>\n\n\n\n<h3 class=\"wp-block-heading\">\u2705 Qualit\u00e9 et application des processus<\/h3>\n\n\n\n<p>Je soutiens l\u2019application des d\u00e9marches <strong>assurance qualit\u00e9<\/strong>, afin de garantir la conformit\u00e9 et la robustesse des processus, du design \u00e0 la r\u00e9alisation.<\/p>\n\n\n\n<h3 class=\"wp-block-heading\">\ud83e\uddea IVVQ et essais op\u00e9rationnels<\/h3>\n\n\n\n<p>J\u2019accompagne la mise en place de d\u00e9marches <strong>IVVQ<\/strong>, la pr\u00e9paration et la conduite d\u2019<strong>essais terrain<\/strong> ou en moyens de m\u00e9trologie, ainsi que la <strong>r\u00e9daction de documents de proc\u00e9dure d\u2019essais<\/strong>.<\/p>\n\n\n\n<h3 class=\"wp-block-heading\">\ud83d\udcd1 Appels \u00e0 projets et programmes<\/h3>\n\n\n\n<p>De l\u2019<strong>appel \u00e0 projet ponctuel<\/strong> jusqu\u2019aux <strong>programmes multi-acteurs<\/strong>, je contribue sur les aspects techniques, la structuration des livrables, et la pr\u00e9paration des <strong>r\u00e8glements de consultation<\/strong>.<\/p>\n\n\n\n<h3 class=\"wp-block-heading\">\u26a1 Architecture a\u00e9roterrestre et d\u00e9fense<\/h3>\n\n\n\n<p>Expertise dans les <strong>architectures \u00e9lectriques, r\u00e9seaux de bord v\u00e9hicule, \u00e9nergie, hybridation, optronique, m\u00e9catronique<\/strong>, mais aussi dans les m\u00e9tiers sp\u00e9cifiques de la d\u00e9fense (<strong>furtivit\u00e9, survivabilit\u00e9, et autre<\/strong>s).<\/p>\n\n\n\n<h3 class=\"wp-block-heading\">\ud83d\udd0c \u00c9lectronique num\u00e9rique et de puissance<\/h3>\n\n\n\n<p>D\u00e9finition et d\u00e9veloppement d\u2019<strong>architectures \u00e9lectroniques<\/strong>, qu\u2019il s\u2019agisse de num\u00e9rique embarqu\u00e9 ou de solutions de puissance, avec une approche fonctionnelle et structurelle adapt\u00e9e aux besoins.<\/p>\n\n\n\n<h3 class=\"wp-block-heading\">\ud83d\udee0\ufe0f Prototypage rapide et preuve de concept<\/h3>\n\n\n\n<p>Conception et r\u00e9alisation de <strong>preuves de concept<\/strong> \u00e0 moindre co\u00fbt gr\u00e2ce aux outils modernes : <strong>CAO, codage, impression 3D<\/strong>. Une d\u00e9marche pragmatique pour valider une id\u00e9e avant d\u2019engager de lourds investissements.<\/p>\n\n\n\n<h3 class=\"wp-block-heading\">\ud83e\udd1d Prospection et consortiums<\/h3>\n\n\n\n<p>Recherche et identification de <strong>partenaires industriels<\/strong> afin de monter des consortiums solides pour des projets n\u00e9cessitant la compl\u00e9mentarit\u00e9 de plusieurs comp\u00e9tences.<\/p>\n\n\n\n<h3 class=\"wp-block-heading\">\ud83d\udcc8 Accompagnement entrepreneurial<\/h3>\n\n\n\n<p>Soutien aux <strong>entrepreneurs technologiques<\/strong> pour d\u00e9finir leur feuille de route, structurer leurs projets et s\u00e9curiser leur d\u00e9veloppement.<\/p>\n\n\n\n<h3 class=\"wp-block-heading\">\ud83d\uded2 Facilitation des achats techniques<\/h3>\n\n\n\n<p>Mise en place d\u2019un service d\u2019<strong>achat-revente<\/strong>, pour court-circuiter les d\u00e9marches proc\u00e9durales souvent complexes li\u00e9es \u00e0 l\u2019acquisition de composants, que ce soit via des plateformes autonomes (Radiospares, Farnell, Mouser\u2026) ou des achats sp\u00e9cifiques avec <strong>avance de tr\u00e9sorerie<\/strong> pour r\u00e9duire les d\u00e9lais.<\/p>\n\n\n\n<h3 class=\"wp-block-heading\">\ud83c\udfa4 Interventions publiques et sensibilisation<\/h3>\n\n\n\n<p>Disponible pour des <strong>conf\u00e9rences et interventions publiques<\/strong> autour des th\u00e9matiques technologiques, d\u00e9fense, robotique, ou encore pour des <strong>actions p\u00e9dagogiques<\/strong> dans le milieu scolaire.<\/p>\n","protected":false},"excerpt":{"rendered":"<p>\ud83d\ude80 Strat\u00e9gie technologique et feuille de route J\u2019accompagne les entreprises dans la d\u00e9finition et la mise en \u0153uvre de leur strat\u00e9gie technologique, en participant \u00e0 l&rsquo;\u00e9laboration d&rsquo;une feuille de route r\u00e9aliste et align\u00e9e avec leur ADN et leurs ambitions. \ud83c\udfdb\ufe0f Conseil aupr\u00e8s de la direction Je collabore avec la direction pour diff\u00e9rencier ing\u00e9nierie et management [&hellip;]<\/p>\n","protected":false},"author":1,"featured_media":0,"parent":0,"menu_order":0,"comment_status":"closed","ping_status":"closed","template":"","meta":{"footnotes":""},"class_list":["post-115","page","type-page","status-publish","hentry"],"_links":{"self":[{"href":"https:\/\/sigmatics.fr\/index.php\/wp-json\/wp\/v2\/pages\/115","targetHints":{"allow":["GET"]}}],"collection":[{"href":"https:\/\/sigmatics.fr\/index.php\/wp-json\/wp\/v2\/pages"}],"about":[{"href":"https:\/\/sigmatics.fr\/index.php\/wp-json\/wp\/v2\/types\/page"}],"author":[{"embeddable":true,"href":"https:\/\/sigmatics.fr\/index.php\/wp-json\/wp\/v2\/users\/1"}],"replies":[{"embeddable":true,"href":"https:\/\/sigmatics.fr\/index.php\/wp-json\/wp\/v2\/comments?post=115"}],"version-history":[{"count":2,"href":"https:\/\/sigmatics.fr\/index.php\/wp-json\/wp\/v2\/pages\/115\/revisions"}],"predecessor-version":[{"id":128,"href":"https:\/\/sigmatics.fr\/index.php\/wp-json\/wp\/v2\/pages\/115\/revisions\/128"}],"wp:attachment":[{"href":"https:\/\/sigmatics.fr\/index.php\/wp-json\/wp\/v2\/media?parent=115"}],"curies":[{"name":"wp","href":"https:\/\/api.w.org\/{rel}","templated":true}]}}